{"id":225,"date":"2025-05-07T19:14:36","date_gmt":"2025-05-07T22:14:36","guid":{"rendered":"https:\/\/portaldenoticiasfam.com.br\/?page_id=225"},"modified":"2025-05-07T19:27:08","modified_gmt":"2025-05-07T22:27:08","slug":"assembleias-e-afins","status":"publish","type":"page","link":"https:\/\/portaldenoticiasfam.com.br\/?page_id=225","title":{"rendered":"Assembl\u00e9ias e afins"},"content":{"rendered":"\n<p>A <strong>APADV<\/strong> por meio de suas atribui\u00e7\u00f5es legais faz chegar ao conhecimento de todos o seguinte edital de convoca\u00e7\u00e3o:<\/p>\n\n\n\n<div data-wp-interactive=\"core\/file\" class=\"wp-block-file\"><object data-wp-bind--hidden=\"!state.hasPdfPreview\" hidden class=\"wp-block-file__embed\" data=\"http:\/\/portaldenoticiasfam.com.br\/wp-content\/uploads\/2025\/05\/Edital-de-Convocacao-Assembleia-Ordinaria-2025.pdf\" type=\"application\/pdf\" style=\"width:100%;height:600px\" aria-label=\"Incorporado de Edital de Convoca\u00e7\u00e3o - Assembl\u00e9ia Ordin\u00e1ria 2025.\"><\/object><a id=\"wp-block-file--media-6305c618-cbf9-446e-ac39-7d63c2e981ff\" href=\"http:\/\/portaldenoticiasfam.com.br\/wp-content\/uploads\/2025\/05\/Edital-de-Convocacao-Assembleia-Ordinaria-2025.pdf\">Edital de Convoca\u00e7\u00e3o &#8211; Assembl\u00e9ia Ordin\u00e1ria 2025<\/a><a href=\"http:\/\/portaldenoticiasfam.com.br\/wp-content\/uploads\/2025\/05\/Edital-de-Convocacao-Assembleia-Ordinaria-2025.pdf\" class=\"wp-block-file__button wp-element-button\" download aria-describedby=\"wp-block-file--media-6305c618-cbf9-446e-ac39-7d63c2e981ff\">Baixar<\/a><\/div>\n\n\n\n\n\n\n\n\n\n\n\n\n","protected":false},"excerpt":{"rendered":"<p>A APADV por meio de suas atribui\u00e7\u00f5es legais faz chegar ao conhecimento de todos o seguinte edital de convoca\u00e7\u00e3o:<\/p>\n","protected":false},"author":1,"featured_media":231,"parent":0,"menu_order":0,"comment_status":"closed","ping_status":"closed","template":"","meta":{"footnotes":""},"class_list":["post-225","page","type-page","status-publish","has-post-thumbnail","hentry"],"_links":{"self":[{"href":"https:\/\/portaldenoticiasfam.com.br\/index.php?rest_route=\/wp\/v2\/pages\/225","targetHints":{"allow":["GET"]}}],"collection":[{"href":"https:\/\/portaldenoticiasfam.com.br\/index.php?rest_route=\/wp\/v2\/pages"}],"about":[{"href":"https:\/\/portaldenoticiasfam.com.br\/index.php?rest_route=\/wp\/v2\/types\/page"}],"author":[{"embeddable":true,"href":"https:\/\/portaldenoticiasfam.com.br\/index.php?rest_route=\/wp\/v2\/users\/1"}],"replies":[{"embeddable":true,"href":"https:\/\/portaldenoticiasfam.com.br\/index.php?rest_route=%2Fwp%2Fv2%2Fcomments&post=225"}],"version-history":[{"count":7,"href":"https:\/\/portaldenoticiasfam.com.br\/index.php?rest_route=\/wp\/v2\/pages\/225\/revisions"}],"predecessor-version":[{"id":237,"href":"https:\/\/portaldenoticiasfam.com.br\/index.php?rest_route=\/wp\/v2\/pages\/225\/revisions\/237"}],"wp:featuredmedia":[{"embeddable":true,"href":"https:\/\/portaldenoticiasfam.com.br\/index.php?rest_route=\/wp\/v2\/media\/231"}],"wp:attachment":[{"href":"https:\/\/portaldenoticiasfam.com.br\/index.php?rest_route=%2Fwp%2Fv2%2Fmedia&parent=225"}],"curies":[{"name":"wp","href":"https:\/\/api.w.org\/{rel}","templated":true}]}}